{"id":29566,"date":"2025-12-11T14:54:01","date_gmt":"2025-12-11T13:54:01","guid":{"rendered":"https:\/\/aerocabservices.net\/mentions-legales-2\/"},"modified":"2026-01-28T15:33:13","modified_gmt":"2026-01-28T14:33:13","slug":"avisos-legais","status":"publish","type":"page","link":"https:\/\/aerocabservices.net\/pt\/mentionslegales\/","title":{"rendered":"Avisos Legais"},"content":{"rendered":"<div data-elementor-type=\"wp-page\" data-elementor-id=\"29566\" class=\"elementor elementor-29566\" data-elementor-post-type=\"page\">\n\t\t\t\t\t\t<section class=\"elementor-section elementor-top-section elementor-element elementor-element-16aa799b elementor-section-boxed elementor-section-height-default elementor-section-height-default\" data-id=\"16aa799b\" data-element_type=\"section\" data-e-type=\"section\">\n\t\t\t\t\t\t<div class=\"elementor-container elementor-column-gap-default\">\n\t\t\t\t\t<div class=\"elementor-column elementor-col-100 elementor-top-column elementor-element elementor-element-1083a68c\" data-id=\"1083a68c\" data-element_type=\"column\" data-e-type=\"column\">\n\t\t\t<div class=\"elementor-widget-wrap elementor-element-populated\">\n\t\t\t\t\t\t<div class=\"elementor-element elementor-element-6b74dd3f elementor-widget elementor-widget-heading\" data-id=\"6b74dd3f\" data-element_type=\"widget\" data-e-type=\"widget\" data-widget_type=\"heading.default\">\n\t\t\t\t<div class=\"elementor-widget-container\">\n\t\t\t\t\t<h1 class=\"elementor-heading-title elementor-size-default\">Aviso legal<\/h1>\t\t\t\t<\/div>\n\t\t\t\t<\/div>\n\t\t\t\t<div class=\"elementor-element elementor-element-6abd82a8 elementor-widget elementor-widget-text-editor\" data-id=\"6abd82a8\" data-element_type=\"widget\" data-e-type=\"widget\" data-widget_type=\"text-editor.default\">\n\t\t\t\t<div class=\"elementor-widget-container\">\n\t\t\t\t\t\t\t\t\t<p><b>O site aerocabservices.net \u00e9 publicado por:<\/b><\/p><p>WebAudit Fran\u00e7a<br \/>Avenida Jean Jaur\u00e8s, 6, 73000 Chamb\u00e9ry<br \/>Sociedade de responsabilidade limitada com um capital de 600 euros<br \/>RCS Chamb\u00e9ry 823 628 698<br \/>contact(@)webaudit.fr<\/p><p><b>O site aerocabservices.net \u00e9 publicado para: <\/b><\/p><p>Nome da empresa: A\u00e9ro Cab Services<br \/>Nome comercial: A\u00e9ro Cab Services (Transfer\u00eancias do aeroporto de Paris em van para at\u00e9 8 passageiros)<br \/>Endere\u00e7o: 93 RUE DE GARCHES 92000 NANTERRE<br \/>SIRET: 52483360500024<br \/>N\u00famero de IVA: FR28524833605<br \/>Data de cria\u00e7\u00e3o: 01\/10\/2010<br \/>Capital social: \u20ac 1.500,00<br \/>Diretor de Publica\u00e7\u00e3o: VINCENZO PERRONE<br \/>Telefone: +33 7 61 41 61 61<\/p><p>O site do seu motorista particular no aeroporto de Paris foi criado pela equipe da [nome da empresa\/empresa].\u00a0\u00a0<a href=\"https:\/\/webaudit.fr\/taxi\" target=\"_blank\" rel=\"noopener\">Webaudit, especialistas em cria\u00e7\u00e3o de sites para motoristas de aplicativos de transporte.<\/a>\u00a0com referenciamento natural.<\/p><p>Saiba mais em\u00a0<a href=\"https:\/\/annuaire-vtc-france.fr\/\">anu\u00e1rio-vtc-france.fr<\/a> todos <a href=\"https:\/\/annuaire-vtc-france.fr\/region-ile-de-france\/\">motoristas particulares nos aeroportos de Paris<\/a>.<\/p><p><b>Provedor de hospedagem:<\/b><\/p><p>Rede Infomaniak SA<br \/>25 Rue Eug\u00e8ne Marziano<br \/>1227 Les Acacias (GE)<br \/>Registro Comercial do Cant\u00e3o de Genebra: CH-660.0.059.996-1<br \/>N\u00famero IDE: CHE-103.167.648<br \/>N\u00famero de IVA: CHE-103.167.648<\/p><p><b>Regulamento Geral de Prote\u00e7\u00e3o de Dados (RGPD), Prote\u00e7\u00e3o de Dados e Utiliza\u00e7\u00e3o de Cookies:<\/b><\/p><p>Em conformidade com os requisitos do Regulamento Geral de Prote\u00e7\u00e3o de Dados (RGPD), estamos comprometidos com a transpar\u00eancia e a prote\u00e7\u00e3o dos seus dados pessoais. Para uma compreens\u00e3o clara de como coletamos, usamos e protegemos seus dados, bem como sobre o uso de cookies para melhorar sua experi\u00eancia em nosso site, consulte nossa Pol\u00edtica de Privacidade. <a href=\"#gdpr_cookie_modal\">Centro de Informa\u00e7\u00f5es sobre o RGPD e Cookies<\/a>.<\/p><p style=\"text-align: justify;\">Ao clicar neste link, voc\u00ea ter\u00e1 acesso \u00e0 nossa Declara\u00e7\u00e3o de Privacidade e \u00e0 nossa Pol\u00edtica de Cookies, que detalham nossas pr\u00e1ticas de prote\u00e7\u00e3o de dados e uso de cookies, bem como seus direitos e op\u00e7\u00f5es em rela\u00e7\u00e3o a essas informa\u00e7\u00f5es.<\/p><p><b>Propriedade intelectual<\/b><\/p><p>Todo o conte\u00fado deste site, incluindo, entre outros, gr\u00e1ficos, imagens, textos, v\u00eddeos, anima\u00e7\u00f5es, sons, logotipos, GIFs e \u00edcones, bem como sua formata\u00e7\u00e3o, s\u00e3o propriedade exclusiva da WEBAUDIT FRANCE SARL, com exce\u00e7\u00e3o de marcas registradas, logotipos ou conte\u00fado pertencentes a outras empresas parceiras ou autores.<br \/>Qualquer reprodu\u00e7\u00e3o, distribui\u00e7\u00e3o, modifica\u00e7\u00e3o, adapta\u00e7\u00e3o, retransmiss\u00e3o ou publica\u00e7\u00e3o, mesmo parcial, destes elementos \u00e9 estritamente proibida sem o consentimento expresso e por escrito da WEBAUDIT FRANCE SARL. Tal representa\u00e7\u00e3o ou reprodu\u00e7\u00e3o, por qualquer meio, constitui infra\u00e7\u00e3o de direitos autorais, pun\u00edvel nos termos dos artigos L.335-2 e seguintes do C\u00f3digo de Propriedade Intelectual franc\u00eas. O descumprimento desta proibi\u00e7\u00e3o constitui infra\u00e7\u00e3o de direitos autorais e pode resultar em san\u00e7\u00f5es civis e criminais. Al\u00e9m disso, os titulares do conte\u00fado copiado poder\u00e3o intentar a\u00e7\u00f5es judiciais contra os infratores.<\/p>\t\t\t\t\t\t\t\t<\/div>\n\t\t\t\t<\/div>\n\t\t\t\t\t<\/div>\n\t\t<\/div>\n\t\t\t\t\t<\/div>\n\t\t<\/section>\n\t\t\t\t<\/div>","protected":false},"excerpt":{"rendered":"<p>Mentions l\u00e9gales Le site aerocabservices.net est \u00e9dit\u00e9 par : WebAudit France6 avenue Jean Jaur\u00e8s, 73000 Chamb\u00e9rySARL au capital de 600\u20acRCS Chamb\u00e9ry 823 628 698contact(@)webaudit.fr Le site aerocabservices.net est \u00e9dit\u00e9 pour : Raison sociale\u202f: A\u00e9ro Cab ServicesNom commercial\u202f: A\u00e9ro Cab Services (Transferts A\u00e9roports \u00e0 Paris en Van jusqu\u2019\u00e0 8 passagers)Adresse\u202f: 93 RUE DE GARCHES 92000 NANTERRESIRET\u202f: [&hellip;]<\/p>\n","protected":false},"author":1,"featured_media":0,"parent":0,"menu_order":0,"comment_status":"closed","ping_status":"closed","template":"elementor_header_footer","meta":{"footnotes":""},"class_list":["post-29566","page","type-page","status-publish","hentry"],"yoast_head":"<!-- This site is optimized with the Yoast SEO plugin v27.5 - https:\/\/yoast.com\/product\/yoast-seo-wordpress\/ -->\n<title>Mentions L\u00e9gales - A\u00e9ro Cab Services (Transferts A\u00e9roports \u00e0 Paris en Van jusqu\u2019\u00e0 8 passagers)<\/title>\n<meta name=\"robots\" content=\"index, follow, max-snippet:-1, max-image-preview:large, max-video-preview:-1\" \/>\n<link rel=\"canonical\" href=\"https:\/\/aerocabservices.net\/pt\/avisos-legais\/\" \/>\n<meta property=\"og:locale\" content=\"pt_PT\" \/>\n<meta property=\"og:type\" content=\"article\" \/>\n<meta property=\"og:title\" content=\"Mentions L\u00e9gales - A\u00e9ro Cab Services (Transferts A\u00e9roports \u00e0 Paris en Van jusqu\u2019\u00e0 8 passagers)\" \/>\n<meta property=\"og:description\" content=\"Mentions l\u00e9gales Le site aerocabservices.net est \u00e9dit\u00e9 par : WebAudit France6 avenue Jean Jaur\u00e8s, 73000 Chamb\u00e9rySARL au capital de 600\u20acRCS Chamb\u00e9ry 823 628 698contact(@)webaudit.fr Le site aerocabservices.net est \u00e9dit\u00e9 pour : Raison sociale\u202f: A\u00e9ro Cab ServicesNom commercial\u202f: A\u00e9ro Cab Services (Transferts A\u00e9roports \u00e0 Paris en Van jusqu\u2019\u00e0 8 passagers)Adresse\u202f: 93 RUE DE GARCHES 92000 NANTERRESIRET\u202f: [&hellip;]\" \/>\n<meta property=\"og:url\" content=\"https:\/\/aerocabservices.net\/pt\/avisos-legais\/\" \/>\n<meta property=\"og:site_name\" content=\"A\u00e9ro Cab Services (Transferts A\u00e9roports \u00e0 Paris en Van jusqu\u2019\u00e0 8 passagers)\" \/>\n<meta property=\"article:modified_time\" content=\"2026-01-28T14:33:13+00:00\" \/>\n<meta name=\"twitter:card\" content=\"summary_large_image\" \/>\n<meta name=\"twitter:label1\" content=\"Tempo estimado de leitura\" \/>\n\t<meta name=\"twitter:data1\" content=\"3 minutos\" \/>\n<script type=\"application\/ld+json\" class=\"yoast-schema-graph\">{\"@context\":\"https:\\\/\\\/schema.org\",\"@graph\":[{\"@type\":\"WebPage\",\"@id\":\"https:\\\/\\\/aerocabservices.net\\\/mentionslegales\\\/\",\"url\":\"https:\\\/\\\/aerocabservices.net\\\/mentionslegales\\\/\",\"name\":\"Mentions L\u00e9gales - A\u00e9ro Cab Services (Transferts A\u00e9roports \u00e0 Paris en Van jusqu\u2019\u00e0 8 passagers)\",\"isPartOf\":{\"@id\":\"https:\\\/\\\/aerocabservices.net\\\/#website\"},\"datePublished\":\"2025-12-11T13:54:01+00:00\",\"dateModified\":\"2026-01-28T14:33:13+00:00\",\"breadcrumb\":{\"@id\":\"https:\\\/\\\/aerocabservices.net\\\/mentionslegales\\\/#breadcrumb\"},\"inLanguage\":\"pt-PT\",\"potentialAction\":[{\"@type\":\"ReadAction\",\"target\":[\"https:\\\/\\\/aerocabservices.net\\\/mentionslegales\\\/\"]}]},{\"@type\":\"BreadcrumbList\",\"@id\":\"https:\\\/\\\/aerocabservices.net\\\/mentionslegales\\\/#breadcrumb\",\"itemListElement\":[{\"@type\":\"ListItem\",\"position\":1,\"name\":\"Accueil\",\"item\":\"https:\\\/\\\/aerocabservices.net\\\/\"},{\"@type\":\"ListItem\",\"position\":2,\"name\":\"Mentions L\u00e9gales\"}]},{\"@type\":\"WebSite\",\"@id\":\"https:\\\/\\\/aerocabservices.net\\\/#website\",\"url\":\"https:\\\/\\\/aerocabservices.net\\\/\",\"name\":\"A\u00e9ro Cab Services (Navette A\u00e9roport \u00e0 Paris en Van jusqu\u2019\u00e0 8 passagers)\",\"description\":\"Navettes toutes distances de 1 \u00e0 8 passagers depuis et vers les a\u00e9roports de Paris et transport d&#039;animaux sur Paris et en Ile-de-France\",\"publisher\":{\"@id\":\"https:\\\/\\\/aerocabservices.net\\\/#organization\"},\"potentialAction\":[{\"@type\":\"SearchAction\",\"target\":{\"@type\":\"EntryPoint\",\"urlTemplate\":\"https:\\\/\\\/aerocabservices.net\\\/?s={search_term_string}\"},\"query-input\":{\"@type\":\"PropertyValueSpecification\",\"valueRequired\":true,\"valueName\":\"search_term_string\"}}],\"inLanguage\":\"pt-PT\"},{\"@type\":\"Organization\",\"@id\":\"https:\\\/\\\/aerocabservices.net\\\/#organization\",\"name\":\"A\u00e9ro Cab Services (Navette A\u00e9roport \u00e0 Paris en Van jusqu\u2019\u00e0 8 passagers)\",\"url\":\"https:\\\/\\\/aerocabservices.net\\\/\",\"logo\":{\"@type\":\"ImageObject\",\"inLanguage\":\"pt-PT\",\"@id\":\"https:\\\/\\\/aerocabservices.net\\\/#\\\/schema\\\/logo\\\/image\\\/\",\"url\":\"https:\\\/\\\/aerocabservices.net\\\/wp-content\\\/uploads\\\/cropped-logo-aero-cab-services-paris.webp\",\"contentUrl\":\"https:\\\/\\\/aerocabservices.net\\\/wp-content\\\/uploads\\\/cropped-logo-aero-cab-services-paris.webp\",\"width\":314,\"height\":53,\"caption\":\"A\u00e9ro Cab Services (Navette A\u00e9roport \u00e0 Paris en Van jusqu\u2019\u00e0 8 passagers)\"},\"image\":{\"@id\":\"https:\\\/\\\/aerocabservices.net\\\/#\\\/schema\\\/logo\\\/image\\\/\"}}]}<\/script>\n<!-- \/ Yoast SEO plugin. -->","yoast_head_json":{"title":"Aviso Legal - A\u00e9ro Cab Services (Transfer\u00eancias do aeroporto de Paris em van para at\u00e9 8 passageiros)","robots":{"index":"index","follow":"follow","max-snippet":"max-snippet:-1","max-image-preview":"max-image-preview:large","max-video-preview":"max-video-preview:-1"},"canonical":"https:\/\/aerocabservices.net\/pt\/avisos-legais\/","og_locale":"pt_PT","og_type":"article","og_title":"Mentions L\u00e9gales - A\u00e9ro Cab Services (Transferts A\u00e9roports \u00e0 Paris en Van jusqu\u2019\u00e0 8 passagers)","og_description":"Mentions l\u00e9gales Le site aerocabservices.net est \u00e9dit\u00e9 par : WebAudit France6 avenue Jean Jaur\u00e8s, 73000 Chamb\u00e9rySARL au capital de 600\u20acRCS Chamb\u00e9ry 823 628 698contact(@)webaudit.fr Le site aerocabservices.net est \u00e9dit\u00e9 pour : Raison sociale\u202f: A\u00e9ro Cab ServicesNom commercial\u202f: A\u00e9ro Cab Services (Transferts A\u00e9roports \u00e0 Paris en Van jusqu\u2019\u00e0 8 passagers)Adresse\u202f: 93 RUE DE GARCHES 92000 NANTERRESIRET\u202f: [&hellip;]","og_url":"https:\/\/aerocabservices.net\/pt\/avisos-legais\/","og_site_name":"A\u00e9ro Cab Services (Transferts A\u00e9roports \u00e0 Paris en Van jusqu\u2019\u00e0 8 passagers)","article_modified_time":"2026-01-28T14:33:13+00:00","twitter_card":"summary_large_image","twitter_misc":{"Tempo estimado de leitura":"3 minutos"},"schema":{"@context":"https:\/\/schema.org","@graph":[{"@type":"WebPage","@id":"https:\/\/aerocabservices.net\/mentionslegales\/","url":"https:\/\/aerocabservices.net\/mentionslegales\/","name":"Aviso Legal - A\u00e9ro Cab Services (Transfer\u00eancias do aeroporto de Paris em van para at\u00e9 8 passageiros)","isPartOf":{"@id":"https:\/\/aerocabservices.net\/#website"},"datePublished":"2025-12-11T13:54:01+00:00","dateModified":"2026-01-28T14:33:13+00:00","breadcrumb":{"@id":"https:\/\/aerocabservices.net\/mentionslegales\/#breadcrumb"},"inLanguage":"pt-PT","potentialAction":[{"@type":"ReadAction","target":["https:\/\/aerocabservices.net\/mentionslegales\/"]}]},{"@type":"BreadcrumbList","@id":"https:\/\/aerocabservices.net\/mentionslegales\/#breadcrumb","itemListElement":[{"@type":"ListItem","position":1,"name":"Accueil","item":"https:\/\/aerocabservices.net\/"},{"@type":"ListItem","position":2,"name":"Mentions L\u00e9gales"}]},{"@type":"WebSite","@id":"https:\/\/aerocabservices.net\/#website","url":"https:\/\/aerocabservices.net\/","name":"A\u00e9ro Cab Services (Transporte do aeroporto de Paris em van para at\u00e9 8 passageiros)","description":"Servi\u00e7os de transporte para todas as dist\u00e2ncias, de 1 a 8 passageiros, de e para os aeroportos de Paris, e transporte de animais de estima\u00e7\u00e3o em Paris e na regi\u00e3o de \u00cele-de-France.","publisher":{"@id":"https:\/\/aerocabservices.net\/#organization"},"potentialAction":[{"@type":"SearchAction","target":{"@type":"EntryPoint","urlTemplate":"https:\/\/aerocabservices.net\/?s={search_term_string}"},"query-input":{"@type":"PropertyValueSpecification","valueRequired":true,"valueName":"search_term_string"}}],"inLanguage":"pt-PT"},{"@type":"Organization","@id":"https:\/\/aerocabservices.net\/#organization","name":"A\u00e9ro Cab Services (Transporte do aeroporto de Paris em van para at\u00e9 8 passageiros)","url":"https:\/\/aerocabservices.net\/","logo":{"@type":"ImageObject","inLanguage":"pt-PT","@id":"https:\/\/aerocabservices.net\/#\/schema\/logo\/image\/","url":"https:\/\/aerocabservices.net\/wp-content\/uploads\/cropped-logo-aero-cab-services-paris.webp","contentUrl":"https:\/\/aerocabservices.net\/wp-content\/uploads\/cropped-logo-aero-cab-services-paris.webp","width":314,"height":53,"caption":"A\u00e9ro Cab Services (Navette A\u00e9roport \u00e0 Paris en Van jusqu\u2019\u00e0 8 passagers)"},"image":{"@id":"https:\/\/aerocabservices.net\/#\/schema\/logo\/image\/"}}]}},"_links":{"self":[{"href":"https:\/\/aerocabservices.net\/pt\/wp-json\/wp\/v2\/pages\/29566","targetHints":{"allow":["GET"]}}],"collection":[{"href":"https:\/\/aerocabservices.net\/pt\/wp-json\/wp\/v2\/pages"}],"about":[{"href":"https:\/\/aerocabservices.net\/pt\/wp-json\/wp\/v2\/types\/page"}],"author":[{"embeddable":true,"href":"https:\/\/aerocabservices.net\/pt\/wp-json\/wp\/v2\/users\/1"}],"replies":[{"embeddable":true,"href":"https:\/\/aerocabservices.net\/pt\/wp-json\/wp\/v2\/comments?post=29566"}],"version-history":[{"count":10,"href":"https:\/\/aerocabservices.net\/pt\/wp-json\/wp\/v2\/pages\/29566\/revisions"}],"predecessor-version":[{"id":30078,"href":"https:\/\/aerocabservices.net\/pt\/wp-json\/wp\/v2\/pages\/29566\/revisions\/30078"}],"wp:attachment":[{"href":"https:\/\/aerocabservices.net\/pt\/wp-json\/wp\/v2\/media?parent=29566"}],"curies":[{"name":"wp","href":"https:\/\/api.w.org\/{rel}","templated":true}]}}