{"id":29566,"date":"2025-12-11T14:54:01","date_gmt":"2025-12-11T13:54:01","guid":{"rendered":"https:\/\/aerocabservices.net\/mentions-legales-2\/"},"modified":"2026-01-28T15:33:13","modified_gmt":"2026-01-28T14:33:13","slug":"note-legali","status":"publish","type":"page","link":"https:\/\/aerocabservices.net\/it\/mentionslegales\/","title":{"rendered":"Note legali"},"content":{"rendered":"<div data-elementor-type=\"wp-page\" data-elementor-id=\"29566\" class=\"elementor elementor-29566\" data-elementor-post-type=\"page\">\n\t\t\t\t\t\t<section class=\"elementor-section elementor-top-section elementor-element elementor-element-16aa799b elementor-section-boxed elementor-section-height-default elementor-section-height-default\" data-id=\"16aa799b\" data-element_type=\"section\" data-e-type=\"section\">\n\t\t\t\t\t\t<div class=\"elementor-container elementor-column-gap-default\">\n\t\t\t\t\t<div class=\"elementor-column elementor-col-100 elementor-top-column elementor-element elementor-element-1083a68c\" data-id=\"1083a68c\" data-element_type=\"column\" data-e-type=\"column\">\n\t\t\t<div class=\"elementor-widget-wrap elementor-element-populated\">\n\t\t\t\t\t\t<div class=\"elementor-element elementor-element-6b74dd3f elementor-widget elementor-widget-heading\" data-id=\"6b74dd3f\" data-element_type=\"widget\" data-e-type=\"widget\" data-widget_type=\"heading.default\">\n\t\t\t\t<div class=\"elementor-widget-container\">\n\t\t\t\t\t<h1 class=\"elementor-heading-title elementor-size-default\">Avviso legale<\/h1>\t\t\t\t<\/div>\n\t\t\t\t<\/div>\n\t\t\t\t<div class=\"elementor-element elementor-element-6abd82a8 elementor-widget elementor-widget-text-editor\" data-id=\"6abd82a8\" data-element_type=\"widget\" data-e-type=\"widget\" data-widget_type=\"text-editor.default\">\n\t\t\t\t<div class=\"elementor-widget-container\">\n\t\t\t\t\t\t\t\t\t<p><b>Il sito web aerocabservices.net \u00e8 pubblicato da:<\/b><\/p><p>WebAudit Francia<br \/>6 avenue Jean Jaur\u00e8s, 73000 Chamb\u00e9ry<br \/>Societ\u00e0 a responsabilit\u00e0 limitata con capitale di 600 \u20ac<br \/>RCS Chamb\u00e9ry 823 628 698<br \/>contact(@)webaudit.fr<\/p><p><b>Il sito web aerocabservices.net \u00e8 pubblicato per: <\/b><\/p><p>Nome dell&#039;azienda: A\u00e9ro Cab Services<br \/>Nome commerciale: A\u00e9ro Cab Services (Trasferimenti aeroportuali a Parigi in van per un massimo di 8 passeggeri)<br \/>Indirizzo: 93 RUE DE GARCHES 92000 NANTERRE<br \/>SIRET: 52483360500024<br \/>Partita IVA: FR28524833605<br \/>Data di creazione: 01\/10\/2010<br \/>Capitale sociale: \u20ac 1.500,00<br \/>Direttore Editoriale: VINCENZO PERRONE<br \/>Telefono: +33 7 61 41 61 61<\/p><p>Il sito web del tuo autista di furgone privato all&#039;aeroporto di Parigi \u00e8 stato creato dal team di\u00a0\u00a0<a href=\"https:\/\/webaudit.fr\/taxi\" target=\"_blank\" rel=\"noopener\">Webaudit, specialisti nella creazione di siti web per autisti di ride-hailing<\/a>\u00a0con referenziazione naturale.<\/p><p>Scopri di pi\u00f9 su\u00a0<a href=\"https:\/\/annuaire-vtc-france.fr\/\">annuaire-vtc-france.fr<\/a> tutti <a href=\"https:\/\/annuaire-vtc-france.fr\/region-ile-de-france\/\">autisti privati dagli aeroporti di Parigi<\/a>.<\/p><p><b>Fornitore di hosting:<\/b><\/p><p>Infomaniak Network SA<br \/>25 Rue Eug\u00e8ne Marziano<br \/>1227 Les Acacias (GE)<br \/>Registro di commercio del Cantone di Ginevra: CH-660.0.059.996-1<br \/>Numero IDE: CHE-103.167.648<br \/>Partita IVA: CHE-103.167.648<\/p><p><b>Regolamento GDPR, protezione dei dati e utilizzo dei cookie:<\/b><\/p><p>In conformit\u00e0 con i requisiti del Regolamento Generale sulla Protezione dei Dati (GDPR), ci impegniamo a garantire la trasparenza e la protezione dei tuoi dati personali. Per una chiara comprensione di come raccogliamo, utilizziamo e proteggiamo i tuoi dati, nonch\u00e9 del nostro utilizzo dei cookie per migliorare la tua esperienza sul nostro sito web, ti preghiamo di consultare la nostra informativa sulla privacy. <a href=\"#gdpr_cookie_modal\">Centro informazioni GDPR e Cookie<\/a>.<\/p><p style=\"text-align: justify;\">Cliccando su questo link, avrai accesso alla nostra Informativa sulla privacy e alla nostra Politica sui cookie, che illustrano dettagliatamente le nostre pratiche di protezione dei dati e di utilizzo dei cookie, nonch\u00e9 i tuoi diritti e le tue scelte in merito a tali informazioni.<\/p><p><b>Propriet\u00e0 intellettuale<\/b><\/p><p>Tutti i contenuti di questo sito, inclusi, a titolo esemplificativo ma non esaustivo, grafici, immagini, testi, video, animazioni, suoni, loghi, gif e icone, nonch\u00e9 la loro formattazione, sono di propriet\u00e0 esclusiva di WEBAUDIT FRANCE SARL, ad eccezione di marchi, loghi o contenuti appartenenti ad altre societ\u00e0 partner o autori.<br \/>Qualsiasi riproduzione, distribuzione, modifica, adattamento, ritrasmissione o pubblicazione, anche parziale, di questi elementi \u00e8 severamente vietata senza l&#039;espresso consenso scritto di WEBAUDIT FRANCE SARL. Tale rappresentazione o riproduzione, con qualsiasi mezzo, costituisce una violazione del diritto d&#039;autore punibile ai sensi degli articoli L.335-2 e seguenti del Codice della Propriet\u00e0 Intellettuale francese. Il mancato rispetto di tale divieto costituisce una violazione del diritto d&#039;autore e pu\u00f2 comportare sanzioni civili e penali. Inoltre, i proprietari dei contenuti copiati possono intraprendere azioni legali nei loro confronti.<\/p>\t\t\t\t\t\t\t\t<\/div>\n\t\t\t\t<\/div>\n\t\t\t\t\t<\/div>\n\t\t<\/div>\n\t\t\t\t\t<\/div>\n\t\t<\/section>\n\t\t\t\t<\/div>","protected":false},"excerpt":{"rendered":"<p>Mentions l\u00e9gales Le site aerocabservices.net est \u00e9dit\u00e9 par : WebAudit France6 avenue Jean Jaur\u00e8s, 73000 Chamb\u00e9rySARL au capital de 600\u20acRCS Chamb\u00e9ry 823 628 698contact(@)webaudit.fr Le site aerocabservices.net est \u00e9dit\u00e9 pour : Raison sociale\u202f: A\u00e9ro Cab ServicesNom commercial\u202f: A\u00e9ro Cab Services (Transferts A\u00e9roports \u00e0 Paris en Van jusqu\u2019\u00e0 8 passagers)Adresse\u202f: 93 RUE DE GARCHES 92000 NANTERRESIRET\u202f: [&hellip;]<\/p>\n","protected":false},"author":1,"featured_media":0,"parent":0,"menu_order":0,"comment_status":"closed","ping_status":"closed","template":"elementor_header_footer","meta":{"footnotes":""},"class_list":["post-29566","page","type-page","status-publish","hentry"],"yoast_head":"<!-- This site is optimized with the Yoast SEO plugin v27.5 - https:\/\/yoast.com\/product\/yoast-seo-wordpress\/ -->\n<title>Mentions L\u00e9gales - A\u00e9ro Cab Services (Transferts A\u00e9roports \u00e0 Paris en Van jusqu\u2019\u00e0 8 passagers)<\/title>\n<meta name=\"robots\" content=\"index, follow, max-snippet:-1, max-image-preview:large, max-video-preview:-1\" \/>\n<link rel=\"canonical\" href=\"https:\/\/aerocabservices.net\/it\/note-legali\/\" \/>\n<meta property=\"og:locale\" content=\"it_IT\" \/>\n<meta property=\"og:type\" content=\"article\" \/>\n<meta property=\"og:title\" content=\"Mentions L\u00e9gales - A\u00e9ro Cab Services (Transferts A\u00e9roports \u00e0 Paris en Van jusqu\u2019\u00e0 8 passagers)\" \/>\n<meta property=\"og:description\" content=\"Mentions l\u00e9gales Le site aerocabservices.net est \u00e9dit\u00e9 par : WebAudit France6 avenue Jean Jaur\u00e8s, 73000 Chamb\u00e9rySARL au capital de 600\u20acRCS Chamb\u00e9ry 823 628 698contact(@)webaudit.fr Le site aerocabservices.net est \u00e9dit\u00e9 pour : Raison sociale\u202f: A\u00e9ro Cab ServicesNom commercial\u202f: A\u00e9ro Cab Services (Transferts A\u00e9roports \u00e0 Paris en Van jusqu\u2019\u00e0 8 passagers)Adresse\u202f: 93 RUE DE GARCHES 92000 NANTERRESIRET\u202f: [&hellip;]\" \/>\n<meta property=\"og:url\" content=\"https:\/\/aerocabservices.net\/it\/note-legali\/\" \/>\n<meta property=\"og:site_name\" content=\"A\u00e9ro Cab Services (Transferts A\u00e9roports \u00e0 Paris en Van jusqu\u2019\u00e0 8 passagers)\" \/>\n<meta property=\"article:modified_time\" content=\"2026-01-28T14:33:13+00:00\" \/>\n<meta name=\"twitter:card\" content=\"summary_large_image\" \/>\n<meta name=\"twitter:label1\" content=\"Tempo di lettura stimato\" \/>\n\t<meta name=\"twitter:data1\" content=\"3 minuti\" \/>\n<script type=\"application\/ld+json\" class=\"yoast-schema-graph\">{\"@context\":\"https:\\\/\\\/schema.org\",\"@graph\":[{\"@type\":\"WebPage\",\"@id\":\"https:\\\/\\\/aerocabservices.net\\\/mentionslegales\\\/\",\"url\":\"https:\\\/\\\/aerocabservices.net\\\/mentionslegales\\\/\",\"name\":\"Mentions L\u00e9gales - A\u00e9ro Cab Services (Transferts A\u00e9roports \u00e0 Paris en Van jusqu\u2019\u00e0 8 passagers)\",\"isPartOf\":{\"@id\":\"https:\\\/\\\/aerocabservices.net\\\/#website\"},\"datePublished\":\"2025-12-11T13:54:01+00:00\",\"dateModified\":\"2026-01-28T14:33:13+00:00\",\"breadcrumb\":{\"@id\":\"https:\\\/\\\/aerocabservices.net\\\/mentionslegales\\\/#breadcrumb\"},\"inLanguage\":\"it-IT\",\"potentialAction\":[{\"@type\":\"ReadAction\",\"target\":[\"https:\\\/\\\/aerocabservices.net\\\/mentionslegales\\\/\"]}]},{\"@type\":\"BreadcrumbList\",\"@id\":\"https:\\\/\\\/aerocabservices.net\\\/mentionslegales\\\/#breadcrumb\",\"itemListElement\":[{\"@type\":\"ListItem\",\"position\":1,\"name\":\"Accueil\",\"item\":\"https:\\\/\\\/aerocabservices.net\\\/\"},{\"@type\":\"ListItem\",\"position\":2,\"name\":\"Mentions L\u00e9gales\"}]},{\"@type\":\"WebSite\",\"@id\":\"https:\\\/\\\/aerocabservices.net\\\/#website\",\"url\":\"https:\\\/\\\/aerocabservices.net\\\/\",\"name\":\"A\u00e9ro Cab Services (Navette A\u00e9roport \u00e0 Paris en Van jusqu\u2019\u00e0 8 passagers)\",\"description\":\"Navettes toutes distances de 1 \u00e0 8 passagers depuis et vers les a\u00e9roports de Paris et transport d&#039;animaux sur Paris et en Ile-de-France\",\"publisher\":{\"@id\":\"https:\\\/\\\/aerocabservices.net\\\/#organization\"},\"potentialAction\":[{\"@type\":\"SearchAction\",\"target\":{\"@type\":\"EntryPoint\",\"urlTemplate\":\"https:\\\/\\\/aerocabservices.net\\\/?s={search_term_string}\"},\"query-input\":{\"@type\":\"PropertyValueSpecification\",\"valueRequired\":true,\"valueName\":\"search_term_string\"}}],\"inLanguage\":\"it-IT\"},{\"@type\":\"Organization\",\"@id\":\"https:\\\/\\\/aerocabservices.net\\\/#organization\",\"name\":\"A\u00e9ro Cab Services (Navette A\u00e9roport \u00e0 Paris en Van jusqu\u2019\u00e0 8 passagers)\",\"url\":\"https:\\\/\\\/aerocabservices.net\\\/\",\"logo\":{\"@type\":\"ImageObject\",\"inLanguage\":\"it-IT\",\"@id\":\"https:\\\/\\\/aerocabservices.net\\\/#\\\/schema\\\/logo\\\/image\\\/\",\"url\":\"https:\\\/\\\/aerocabservices.net\\\/wp-content\\\/uploads\\\/cropped-logo-aero-cab-services-paris.webp\",\"contentUrl\":\"https:\\\/\\\/aerocabservices.net\\\/wp-content\\\/uploads\\\/cropped-logo-aero-cab-services-paris.webp\",\"width\":314,\"height\":53,\"caption\":\"A\u00e9ro Cab Services (Navette A\u00e9roport \u00e0 Paris en Van jusqu\u2019\u00e0 8 passagers)\"},\"image\":{\"@id\":\"https:\\\/\\\/aerocabservices.net\\\/#\\\/schema\\\/logo\\\/image\\\/\"}}]}<\/script>\n<!-- \/ Yoast SEO plugin. -->","yoast_head_json":{"title":"Note legali - A\u00e9ro Cab Services (trasferimenti aeroportuali a Parigi in van fino a 8 passeggeri)","robots":{"index":"index","follow":"follow","max-snippet":"max-snippet:-1","max-image-preview":"max-image-preview:large","max-video-preview":"max-video-preview:-1"},"canonical":"https:\/\/aerocabservices.net\/it\/note-legali\/","og_locale":"it_IT","og_type":"article","og_title":"Mentions L\u00e9gales - A\u00e9ro Cab Services (Transferts A\u00e9roports \u00e0 Paris en Van jusqu\u2019\u00e0 8 passagers)","og_description":"Mentions l\u00e9gales Le site aerocabservices.net est \u00e9dit\u00e9 par : WebAudit France6 avenue Jean Jaur\u00e8s, 73000 Chamb\u00e9rySARL au capital de 600\u20acRCS Chamb\u00e9ry 823 628 698contact(@)webaudit.fr Le site aerocabservices.net est \u00e9dit\u00e9 pour : Raison sociale\u202f: A\u00e9ro Cab ServicesNom commercial\u202f: A\u00e9ro Cab Services (Transferts A\u00e9roports \u00e0 Paris en Van jusqu\u2019\u00e0 8 passagers)Adresse\u202f: 93 RUE DE GARCHES 92000 NANTERRESIRET\u202f: [&hellip;]","og_url":"https:\/\/aerocabservices.net\/it\/note-legali\/","og_site_name":"A\u00e9ro Cab Services (Transferts A\u00e9roports \u00e0 Paris en Van jusqu\u2019\u00e0 8 passagers)","article_modified_time":"2026-01-28T14:33:13+00:00","twitter_card":"summary_large_image","twitter_misc":{"Tempo di lettura stimato":"3 minuti"},"schema":{"@context":"https:\/\/schema.org","@graph":[{"@type":"WebPage","@id":"https:\/\/aerocabservices.net\/mentionslegales\/","url":"https:\/\/aerocabservices.net\/mentionslegales\/","name":"Note legali - A\u00e9ro Cab Services (trasferimenti aeroportuali a Parigi in van fino a 8 passeggeri)","isPartOf":{"@id":"https:\/\/aerocabservices.net\/#website"},"datePublished":"2025-12-11T13:54:01+00:00","dateModified":"2026-01-28T14:33:13+00:00","breadcrumb":{"@id":"https:\/\/aerocabservices.net\/mentionslegales\/#breadcrumb"},"inLanguage":"it-IT","potentialAction":[{"@type":"ReadAction","target":["https:\/\/aerocabservices.net\/mentionslegales\/"]}]},{"@type":"BreadcrumbList","@id":"https:\/\/aerocabservices.net\/mentionslegales\/#breadcrumb","itemListElement":[{"@type":"ListItem","position":1,"name":"Accueil","item":"https:\/\/aerocabservices.net\/"},{"@type":"ListItem","position":2,"name":"Mentions L\u00e9gales"}]},{"@type":"WebSite","@id":"https:\/\/aerocabservices.net\/#website","url":"https:\/\/aerocabservices.net\/","name":"A\u00e9ro Cab Services (navetta aeroportuale a Parigi in van per un massimo di 8 passeggeri)","description":"Servizi navetta per tutte le distanze, da 1 a 8 passeggeri, da e per gli aeroporti di Parigi e trasporto di animali domestici a Parigi e nella regione dell&#039;Ile-de-France.","publisher":{"@id":"https:\/\/aerocabservices.net\/#organization"},"potentialAction":[{"@type":"SearchAction","target":{"@type":"EntryPoint","urlTemplate":"https:\/\/aerocabservices.net\/?s={search_term_string}"},"query-input":{"@type":"PropertyValueSpecification","valueRequired":true,"valueName":"search_term_string"}}],"inLanguage":"it-IT"},{"@type":"Organization","@id":"https:\/\/aerocabservices.net\/#organization","name":"A\u00e9ro Cab Services (navetta aeroportuale a Parigi in van per un massimo di 8 passeggeri)","url":"https:\/\/aerocabservices.net\/","logo":{"@type":"ImageObject","inLanguage":"it-IT","@id":"https:\/\/aerocabservices.net\/#\/schema\/logo\/image\/","url":"https:\/\/aerocabservices.net\/wp-content\/uploads\/cropped-logo-aero-cab-services-paris.webp","contentUrl":"https:\/\/aerocabservices.net\/wp-content\/uploads\/cropped-logo-aero-cab-services-paris.webp","width":314,"height":53,"caption":"A\u00e9ro Cab Services (Navette A\u00e9roport \u00e0 Paris en Van jusqu\u2019\u00e0 8 passagers)"},"image":{"@id":"https:\/\/aerocabservices.net\/#\/schema\/logo\/image\/"}}]}},"_links":{"self":[{"href":"https:\/\/aerocabservices.net\/it\/wp-json\/wp\/v2\/pages\/29566","targetHints":{"allow":["GET"]}}],"collection":[{"href":"https:\/\/aerocabservices.net\/it\/wp-json\/wp\/v2\/pages"}],"about":[{"href":"https:\/\/aerocabservices.net\/it\/wp-json\/wp\/v2\/types\/page"}],"author":[{"embeddable":true,"href":"https:\/\/aerocabservices.net\/it\/wp-json\/wp\/v2\/users\/1"}],"replies":[{"embeddable":true,"href":"https:\/\/aerocabservices.net\/it\/wp-json\/wp\/v2\/comments?post=29566"}],"version-history":[{"count":10,"href":"https:\/\/aerocabservices.net\/it\/wp-json\/wp\/v2\/pages\/29566\/revisions"}],"predecessor-version":[{"id":30078,"href":"https:\/\/aerocabservices.net\/it\/wp-json\/wp\/v2\/pages\/29566\/revisions\/30078"}],"wp:attachment":[{"href":"https:\/\/aerocabservices.net\/it\/wp-json\/wp\/v2\/media?parent=29566"}],"curies":[{"name":"parola chiave","href":"https:\/\/api.w.org\/{rel}","templated":true}]}}