{"id":29566,"date":"2025-12-11T14:54:01","date_gmt":"2025-12-11T13:54:01","guid":{"rendered":"https:\/\/aerocabservices.net\/mentions-legales-2\/"},"modified":"2026-01-28T15:33:13","modified_gmt":"2026-01-28T14:33:13","slug":"avisos-legales","status":"publish","type":"page","link":"https:\/\/aerocabservices.net\/es\/mentionslegales\/","title":{"rendered":"Avisos legales"},"content":{"rendered":"<div data-elementor-type=\"wp-page\" data-elementor-id=\"29566\" class=\"elementor elementor-29566\" data-elementor-post-type=\"page\">\n\t\t\t\t\t\t<section class=\"elementor-section elementor-top-section elementor-element elementor-element-16aa799b elementor-section-boxed elementor-section-height-default elementor-section-height-default\" data-id=\"16aa799b\" data-element_type=\"section\" data-e-type=\"section\">\n\t\t\t\t\t\t<div class=\"elementor-container elementor-column-gap-default\">\n\t\t\t\t\t<div class=\"elementor-column elementor-col-100 elementor-top-column elementor-element elementor-element-1083a68c\" data-id=\"1083a68c\" data-element_type=\"column\" data-e-type=\"column\">\n\t\t\t<div class=\"elementor-widget-wrap elementor-element-populated\">\n\t\t\t\t\t\t<div class=\"elementor-element elementor-element-6b74dd3f elementor-widget elementor-widget-heading\" data-id=\"6b74dd3f\" data-element_type=\"widget\" data-e-type=\"widget\" data-widget_type=\"heading.default\">\n\t\t\t\t<div class=\"elementor-widget-container\">\n\t\t\t\t\t<h1 class=\"elementor-heading-title elementor-size-default\">Aviso legal<\/h1>\t\t\t\t<\/div>\n\t\t\t\t<\/div>\n\t\t\t\t<div class=\"elementor-element elementor-element-6abd82a8 elementor-widget elementor-widget-text-editor\" data-id=\"6abd82a8\" data-element_type=\"widget\" data-e-type=\"widget\" data-widget_type=\"text-editor.default\">\n\t\t\t\t<div class=\"elementor-widget-container\">\n\t\t\t\t\t\t\t\t\t<p><b>El sitio web aerocabservices.net es publicado por:<\/b><\/p><p>WebAudit Francia<br \/>6 Avenue Jean Jaur\u00e8s, 73000 Chamb\u00e9ry<br \/>Sociedad de responsabilidad limitada con un capital de 600 \u20ac<br \/>RCS Chamb\u00e9ry 823 628 698<br \/>contact(@)webaudit.fr<\/p><p><b>El sitio web aerocabservices.net se publica para: <\/b><\/p><p>Nombre de Empresa: A\u00e9ro Cab Services<br \/>Nombre comercial: A\u00e9ro Cab Services (Traslados al aeropuerto de Par\u00eds en furgoneta para un m\u00e1ximo de 8 pasajeros)<br \/>Direcci\u00f3n: 93 RUE DE GARCHES 92000 NANTERRE<br \/>SIRET: 52483360500024<br \/>N\u00famero de IVA: FR28524833605<br \/>Fecha de creaci\u00f3n: 01\/10\/2010<br \/>Capital social: 1.500,00 \u20ac<br \/>Director editorial: VINCENZO PERRONE<br \/>Tel\u00e9fono: +33 7 61 41 61 61<\/p><p>El sitio web para su conductor de furgoneta privada en el aeropuerto de Par\u00eds fue creado por el equipo de\u00a0\u00a0<a href=\"https:\/\/webaudit.fr\/taxi\" target=\"_blank\" rel=\"noopener\">Webaudit, especialistas en creaci\u00f3n de sitios web para conductores de transporte compartido<\/a>\u00a0con referencia natural.<\/p><p>Descubra m\u00e1s en\u00a0<a href=\"https:\/\/annuaire-vtc-france.fr\/\">annuaire-vtc-france.fr<\/a> todo <a href=\"https:\/\/annuaire-vtc-france.fr\/region-ile-de-france\/\">ch\u00f3feres privados desde los aeropuertos de Par\u00eds<\/a>.<\/p><p><b>Proveedor de alojamiento:<\/b><\/p><p>Red Infomaniak SA<br \/>25 Calle Eug\u00e8ne Marziano<br \/>1227 Las Acacias (GE)<br \/>Registro Mercantil del Cant\u00f3n de Ginebra: CH-660.0.059.996-1<br \/>N\u00famero de IDE: CHE-103.167.648<br \/>N\u00famero de IVA: CHE-103.167.648<\/p><p><b>Reglamento RGPD, Protecci\u00f3n de Datos y Uso de Cookies:<\/b><\/p><p>De acuerdo con los requisitos del Reglamento General de Protecci\u00f3n de Datos (RGPD), nos comprometemos con la transparencia y la protecci\u00f3n de sus datos personales. Para comprender claramente c\u00f3mo recopilamos, usamos y protegemos sus datos, as\u00ed como nuestro uso de cookies para mejorar su experiencia en nuestro sitio web, consulte nuestra <a href=\"#gdpr_cookie_modal\">Centro de informaci\u00f3n sobre RGPD y cookies<\/a>.<\/p><p style=\"text-align: justify;\">Al hacer clic en este enlace, tendr\u00e1 acceso a nuestra Declaraci\u00f3n de privacidad y nuestra Pol\u00edtica de cookies que detallan nuestras pr\u00e1cticas de protecci\u00f3n de datos y uso de cookies, as\u00ed como sus derechos y opciones con respecto a esta informaci\u00f3n.<\/p><p><b>Propiedad intelectual<\/b><\/p><p>Todo el contenido de este sitio, incluidos, entre otros, gr\u00e1ficos, im\u00e1genes, textos, v\u00eddeos, animaciones, sonidos, logotipos, gifs e iconos, as\u00ed como su formato, son propiedad exclusiva de WEBAUDIT FRANCE SARL, con excepci\u00f3n de las marcas, logotipos o contenidos que pertenecen a otras empresas asociadas o autores.<br \/>Queda estrictamente prohibida cualquier reproducci\u00f3n, distribuci\u00f3n, modificaci\u00f3n, adaptaci\u00f3n, retransmisi\u00f3n o publicaci\u00f3n, incluso parcial, de estos elementos sin el consentimiento expreso por escrito de WEBAUDIT FRANCE SARL. Dicha representaci\u00f3n o reproducci\u00f3n, por cualquier medio, constituye una infracci\u00f3n de los derechos de autor sancionada por los art\u00edculos L.335-2 y siguientes del C\u00f3digo de la Propiedad Intelectual franc\u00e9s. El incumplimiento de esta prohibici\u00f3n constituye una infracci\u00f3n de los derechos de autor y puede dar lugar a sanciones civiles y penales. Adem\u00e1s, los propietarios del contenido copiado podr\u00e1n emprender acciones legales contra ellos.<\/p>\t\t\t\t\t\t\t\t<\/div>\n\t\t\t\t<\/div>\n\t\t\t\t\t<\/div>\n\t\t<\/div>\n\t\t\t\t\t<\/div>\n\t\t<\/section>\n\t\t\t\t<\/div>","protected":false},"excerpt":{"rendered":"<p>Mentions l\u00e9gales Le site aerocabservices.net est \u00e9dit\u00e9 par : WebAudit France6 avenue Jean Jaur\u00e8s, 73000 Chamb\u00e9rySARL au capital de 600\u20acRCS Chamb\u00e9ry 823 628 698contact(@)webaudit.fr Le site aerocabservices.net est \u00e9dit\u00e9 pour : Raison sociale\u202f: A\u00e9ro Cab ServicesNom commercial\u202f: A\u00e9ro Cab Services (Transferts A\u00e9roports \u00e0 Paris en Van jusqu\u2019\u00e0 8 passagers)Adresse\u202f: 93 RUE DE GARCHES 92000 NANTERRESIRET\u202f: [&hellip;]<\/p>\n","protected":false},"author":1,"featured_media":0,"parent":0,"menu_order":0,"comment_status":"closed","ping_status":"closed","template":"elementor_header_footer","meta":{"footnotes":""},"class_list":["post-29566","page","type-page","status-publish","hentry"],"yoast_head":"<!-- This site is optimized with the Yoast SEO plugin v27.5 - https:\/\/yoast.com\/product\/yoast-seo-wordpress\/ -->\n<title>Mentions L\u00e9gales - A\u00e9ro Cab Services (Transferts A\u00e9roports \u00e0 Paris en Van jusqu\u2019\u00e0 8 passagers)<\/title>\n<meta name=\"robots\" content=\"index, follow, max-snippet:-1, max-image-preview:large, max-video-preview:-1\" \/>\n<link rel=\"canonical\" href=\"https:\/\/aerocabservices.net\/es\/avisos-legales\/\" \/>\n<meta property=\"og:locale\" content=\"es_ES\" \/>\n<meta property=\"og:type\" content=\"article\" \/>\n<meta property=\"og:title\" content=\"Mentions L\u00e9gales - A\u00e9ro Cab Services (Transferts A\u00e9roports \u00e0 Paris en Van jusqu\u2019\u00e0 8 passagers)\" \/>\n<meta property=\"og:description\" content=\"Mentions l\u00e9gales Le site aerocabservices.net est \u00e9dit\u00e9 par : WebAudit France6 avenue Jean Jaur\u00e8s, 73000 Chamb\u00e9rySARL au capital de 600\u20acRCS Chamb\u00e9ry 823 628 698contact(@)webaudit.fr Le site aerocabservices.net est \u00e9dit\u00e9 pour : Raison sociale\u202f: A\u00e9ro Cab ServicesNom commercial\u202f: A\u00e9ro Cab Services (Transferts A\u00e9roports \u00e0 Paris en Van jusqu\u2019\u00e0 8 passagers)Adresse\u202f: 93 RUE DE GARCHES 92000 NANTERRESIRET\u202f: [&hellip;]\" \/>\n<meta property=\"og:url\" content=\"https:\/\/aerocabservices.net\/es\/avisos-legales\/\" \/>\n<meta property=\"og:site_name\" content=\"A\u00e9ro Cab Services (Transferts A\u00e9roports \u00e0 Paris en Van jusqu\u2019\u00e0 8 passagers)\" \/>\n<meta property=\"article:modified_time\" content=\"2026-01-28T14:33:13+00:00\" \/>\n<meta name=\"twitter:card\" content=\"summary_large_image\" \/>\n<meta name=\"twitter:label1\" content=\"Tiempo de lectura\" \/>\n\t<meta name=\"twitter:data1\" content=\"3 minutos\" \/>\n<script type=\"application\/ld+json\" class=\"yoast-schema-graph\">{\"@context\":\"https:\\\/\\\/schema.org\",\"@graph\":[{\"@type\":\"WebPage\",\"@id\":\"https:\\\/\\\/aerocabservices.net\\\/mentionslegales\\\/\",\"url\":\"https:\\\/\\\/aerocabservices.net\\\/mentionslegales\\\/\",\"name\":\"Mentions L\u00e9gales - A\u00e9ro Cab Services (Transferts A\u00e9roports \u00e0 Paris en Van jusqu\u2019\u00e0 8 passagers)\",\"isPartOf\":{\"@id\":\"https:\\\/\\\/aerocabservices.net\\\/#website\"},\"datePublished\":\"2025-12-11T13:54:01+00:00\",\"dateModified\":\"2026-01-28T14:33:13+00:00\",\"breadcrumb\":{\"@id\":\"https:\\\/\\\/aerocabservices.net\\\/mentionslegales\\\/#breadcrumb\"},\"inLanguage\":\"es\",\"potentialAction\":[{\"@type\":\"ReadAction\",\"target\":[\"https:\\\/\\\/aerocabservices.net\\\/mentionslegales\\\/\"]}]},{\"@type\":\"BreadcrumbList\",\"@id\":\"https:\\\/\\\/aerocabservices.net\\\/mentionslegales\\\/#breadcrumb\",\"itemListElement\":[{\"@type\":\"ListItem\",\"position\":1,\"name\":\"Accueil\",\"item\":\"https:\\\/\\\/aerocabservices.net\\\/\"},{\"@type\":\"ListItem\",\"position\":2,\"name\":\"Mentions L\u00e9gales\"}]},{\"@type\":\"WebSite\",\"@id\":\"https:\\\/\\\/aerocabservices.net\\\/#website\",\"url\":\"https:\\\/\\\/aerocabservices.net\\\/\",\"name\":\"A\u00e9ro Cab Services (Navette A\u00e9roport \u00e0 Paris en Van jusqu\u2019\u00e0 8 passagers)\",\"description\":\"Navettes toutes distances de 1 \u00e0 8 passagers depuis et vers les a\u00e9roports de Paris et transport d&#039;animaux sur Paris et en Ile-de-France\",\"publisher\":{\"@id\":\"https:\\\/\\\/aerocabservices.net\\\/#organization\"},\"potentialAction\":[{\"@type\":\"SearchAction\",\"target\":{\"@type\":\"EntryPoint\",\"urlTemplate\":\"https:\\\/\\\/aerocabservices.net\\\/?s={search_term_string}\"},\"query-input\":{\"@type\":\"PropertyValueSpecification\",\"valueRequired\":true,\"valueName\":\"search_term_string\"}}],\"inLanguage\":\"es\"},{\"@type\":\"Organization\",\"@id\":\"https:\\\/\\\/aerocabservices.net\\\/#organization\",\"name\":\"A\u00e9ro Cab Services (Navette A\u00e9roport \u00e0 Paris en Van jusqu\u2019\u00e0 8 passagers)\",\"url\":\"https:\\\/\\\/aerocabservices.net\\\/\",\"logo\":{\"@type\":\"ImageObject\",\"inLanguage\":\"es\",\"@id\":\"https:\\\/\\\/aerocabservices.net\\\/#\\\/schema\\\/logo\\\/image\\\/\",\"url\":\"https:\\\/\\\/aerocabservices.net\\\/wp-content\\\/uploads\\\/cropped-logo-aero-cab-services-paris.webp\",\"contentUrl\":\"https:\\\/\\\/aerocabservices.net\\\/wp-content\\\/uploads\\\/cropped-logo-aero-cab-services-paris.webp\",\"width\":314,\"height\":53,\"caption\":\"A\u00e9ro Cab Services (Navette A\u00e9roport \u00e0 Paris en Van jusqu\u2019\u00e0 8 passagers)\"},\"image\":{\"@id\":\"https:\\\/\\\/aerocabservices.net\\\/#\\\/schema\\\/logo\\\/image\\\/\"}}]}<\/script>\n<!-- \/ Yoast SEO plugin. -->","yoast_head_json":{"title":"Aviso legal - A\u00e9ro Cab Services (Traslados al aeropuerto de Par\u00eds en furgoneta para un m\u00e1ximo de 8 pasajeros)","robots":{"index":"index","follow":"follow","max-snippet":"max-snippet:-1","max-image-preview":"max-image-preview:large","max-video-preview":"max-video-preview:-1"},"canonical":"https:\/\/aerocabservices.net\/es\/avisos-legales\/","og_locale":"es_ES","og_type":"article","og_title":"Mentions L\u00e9gales - A\u00e9ro Cab Services (Transferts A\u00e9roports \u00e0 Paris en Van jusqu\u2019\u00e0 8 passagers)","og_description":"Mentions l\u00e9gales Le site aerocabservices.net est \u00e9dit\u00e9 par : WebAudit France6 avenue Jean Jaur\u00e8s, 73000 Chamb\u00e9rySARL au capital de 600\u20acRCS Chamb\u00e9ry 823 628 698contact(@)webaudit.fr Le site aerocabservices.net est \u00e9dit\u00e9 pour : Raison sociale\u202f: A\u00e9ro Cab ServicesNom commercial\u202f: A\u00e9ro Cab Services (Transferts A\u00e9roports \u00e0 Paris en Van jusqu\u2019\u00e0 8 passagers)Adresse\u202f: 93 RUE DE GARCHES 92000 NANTERRESIRET\u202f: [&hellip;]","og_url":"https:\/\/aerocabservices.net\/es\/avisos-legales\/","og_site_name":"A\u00e9ro Cab Services (Transferts A\u00e9roports \u00e0 Paris en Van jusqu\u2019\u00e0 8 passagers)","article_modified_time":"2026-01-28T14:33:13+00:00","twitter_card":"summary_large_image","twitter_misc":{"Tiempo de lectura":"3 minutos"},"schema":{"@context":"https:\/\/schema.org","@graph":[{"@type":"WebPage","@id":"https:\/\/aerocabservices.net\/mentionslegales\/","url":"https:\/\/aerocabservices.net\/mentionslegales\/","name":"Aviso legal - A\u00e9ro Cab Services (Traslados al aeropuerto de Par\u00eds en furgoneta para un m\u00e1ximo de 8 pasajeros)","isPartOf":{"@id":"https:\/\/aerocabservices.net\/#website"},"datePublished":"2025-12-11T13:54:01+00:00","dateModified":"2026-01-28T14:33:13+00:00","breadcrumb":{"@id":"https:\/\/aerocabservices.net\/mentionslegales\/#breadcrumb"},"inLanguage":"es","potentialAction":[{"@type":"ReadAction","target":["https:\/\/aerocabservices.net\/mentionslegales\/"]}]},{"@type":"BreadcrumbList","@id":"https:\/\/aerocabservices.net\/mentionslegales\/#breadcrumb","itemListElement":[{"@type":"ListItem","position":1,"name":"Accueil","item":"https:\/\/aerocabservices.net\/"},{"@type":"ListItem","position":2,"name":"Mentions L\u00e9gales"}]},{"@type":"WebSite","@id":"https:\/\/aerocabservices.net\/#website","url":"https:\/\/aerocabservices.net\/","name":"Servicios de taxi a\u00e9reo (Servicio de traslado al aeropuerto de Par\u00eds en furgoneta para un m\u00e1ximo de 8 pasajeros)","description":"Servicios de transporte para todas las distancias, de 1 a 8 pasajeros, desde y hacia los aeropuertos de Par\u00eds, y transporte de mascotas en Par\u00eds y la regi\u00f3n de \u00cele-de-France.","publisher":{"@id":"https:\/\/aerocabservices.net\/#organization"},"potentialAction":[{"@type":"SearchAction","target":{"@type":"EntryPoint","urlTemplate":"https:\/\/aerocabservices.net\/?s={search_term_string}"},"query-input":{"@type":"PropertyValueSpecification","valueRequired":true,"valueName":"search_term_string"}}],"inLanguage":"es"},{"@type":"Organization","@id":"https:\/\/aerocabservices.net\/#organization","name":"Servicios de taxi a\u00e9reo (Servicio de traslado al aeropuerto de Par\u00eds en furgoneta para un m\u00e1ximo de 8 pasajeros)","url":"https:\/\/aerocabservices.net\/","logo":{"@type":"ImageObject","inLanguage":"es","@id":"https:\/\/aerocabservices.net\/#\/schema\/logo\/image\/","url":"https:\/\/aerocabservices.net\/wp-content\/uploads\/cropped-logo-aero-cab-services-paris.webp","contentUrl":"https:\/\/aerocabservices.net\/wp-content\/uploads\/cropped-logo-aero-cab-services-paris.webp","width":314,"height":53,"caption":"A\u00e9ro Cab Services (Navette A\u00e9roport \u00e0 Paris en Van jusqu\u2019\u00e0 8 passagers)"},"image":{"@id":"https:\/\/aerocabservices.net\/#\/schema\/logo\/image\/"}}]}},"_links":{"self":[{"href":"https:\/\/aerocabservices.net\/es\/wp-json\/wp\/v2\/pages\/29566","targetHints":{"allow":["GET"]}}],"collection":[{"href":"https:\/\/aerocabservices.net\/es\/wp-json\/wp\/v2\/pages"}],"about":[{"href":"https:\/\/aerocabservices.net\/es\/wp-json\/wp\/v2\/types\/page"}],"author":[{"embeddable":true,"href":"https:\/\/aerocabservices.net\/es\/wp-json\/wp\/v2\/users\/1"}],"replies":[{"embeddable":true,"href":"https:\/\/aerocabservices.net\/es\/wp-json\/wp\/v2\/comments?post=29566"}],"version-history":[{"count":10,"href":"https:\/\/aerocabservices.net\/es\/wp-json\/wp\/v2\/pages\/29566\/revisions"}],"predecessor-version":[{"id":30078,"href":"https:\/\/aerocabservices.net\/es\/wp-json\/wp\/v2\/pages\/29566\/revisions\/30078"}],"wp:attachment":[{"href":"https:\/\/aerocabservices.net\/es\/wp-json\/wp\/v2\/media?parent=29566"}],"curies":[{"name":"wp","href":"https:\/\/api.w.org\/{rel}","templated":true}]}}