{"id":29566,"date":"2025-12-11T14:54:01","date_gmt":"2025-12-11T13:54:01","guid":{"rendered":"https:\/\/aerocabservices.net\/mentions-legales-2\/"},"modified":"2026-01-28T15:33:13","modified_gmt":"2026-01-28T14:33:13","slug":"legal-notices","status":"publish","type":"page","link":"https:\/\/aerocabservices.net\/en\/mentionslegales\/","title":{"rendered":"Legal Notices"},"content":{"rendered":"<div data-elementor-type=\"wp-page\" data-elementor-id=\"29566\" class=\"elementor elementor-29566\" data-elementor-post-type=\"page\">\n\t\t\t\t\t\t<section class=\"elementor-section elementor-top-section elementor-element elementor-element-16aa799b elementor-section-boxed elementor-section-height-default elementor-section-height-default\" data-id=\"16aa799b\" data-element_type=\"section\" data-e-type=\"section\">\n\t\t\t\t\t\t<div class=\"elementor-container elementor-column-gap-default\">\n\t\t\t\t\t<div class=\"elementor-column elementor-col-100 elementor-top-column elementor-element elementor-element-1083a68c\" data-id=\"1083a68c\" data-element_type=\"column\" data-e-type=\"column\">\n\t\t\t<div class=\"elementor-widget-wrap elementor-element-populated\">\n\t\t\t\t\t\t<div class=\"elementor-element elementor-element-6b74dd3f elementor-widget elementor-widget-heading\" data-id=\"6b74dd3f\" data-element_type=\"widget\" data-e-type=\"widget\" data-widget_type=\"heading.default\">\n\t\t\t\t<div class=\"elementor-widget-container\">\n\t\t\t\t\t<h1 class=\"elementor-heading-title elementor-size-default\">Legal notice<\/h1>\t\t\t\t<\/div>\n\t\t\t\t<\/div>\n\t\t\t\t<div class=\"elementor-element elementor-element-6abd82a8 elementor-widget elementor-widget-text-editor\" data-id=\"6abd82a8\" data-element_type=\"widget\" data-e-type=\"widget\" data-widget_type=\"text-editor.default\">\n\t\t\t\t<div class=\"elementor-widget-container\">\n\t\t\t\t\t\t\t\t\t<p><b>The website aerocabservices.net is published by:<\/b><\/p><p>WebAudit France<br \/>6 avenue Jean Jaur\u00e8s, 73000 Chamb\u00e9ry<br \/>Limited liability company with a capital of \u20ac600<br \/>RCS Chamb\u00e9ry 823 628 698<br \/>contact(@)webaudit.fr<\/p><p><b>The website aerocabservices.net is published for: <\/b><\/p><p>Company name: A\u00e9ro Cab Services<br \/>Trade name: A\u00e9ro Cab Services (Airport transfers in Paris by van for up to 8 passengers)<br \/>Address: 93 RUE DE GARCHES 92000 NANTERRE<br \/>SIRET: 52483360500024<br \/>VAT number: FR28524833605<br \/>Date of creation: 01\/10\/2010<br \/>Share capital: \u20ac1,500.00<br \/>Publishing Director: VINCENZO PERRONE<br \/>Telephone: +33 7 61 41 61 61<\/p><p>Your private van driver&#039;s website at Paris airport was created by the team at\u00a0\u00a0<a href=\"https:\/\/webaudit.fr\/taxi\" target=\"_blank\" rel=\"noopener\">Webaudit, specialists in website creation for ride-hailing drivers<\/a>\u00a0with natural referencing.<\/p><p>Find out more on\u00a0<a href=\"https:\/\/annuaire-vtc-france.fr\/\">annuaire-vtc-france.fr<\/a> all of <a href=\"https:\/\/annuaire-vtc-france.fr\/region-ile-de-france\/\">private chauffeurs from Paris airports<\/a>.<\/p><p><b>Hosting provider:<\/b><\/p><p>Infomaniak Network SA<br \/>25 Rue Eug\u00e8ne Marziano<br \/>1227 Les Acacias (GE)<br \/>Geneva Canton Commercial Register: CH-660.0.059.996-1<br \/>IDE number: CHE-103.167.648<br \/>VAT number: CHE-103.167.648<\/p><p><b>GDPR Regulations, Data Protection and Use of Cookies:<\/b><\/p><p>In accordance with the requirements of the General Data Protection Regulation (GDPR), we are committed to transparency and the protection of your personal data. For a clear understanding of how we collect, use, and protect your data, as well as our use of cookies to improve your experience on our website, please consult our <a href=\"#gdpr_cookie_modal\">GDPR and Cookies Information Center<\/a>.<\/p><p style=\"text-align: justify;\">By clicking on this link, you will have access to our Privacy Statement and our Cookie Policy detailing our data protection and cookie usage practices, as well as your rights and choices regarding this information.<\/p><p><b>Intellectual property<\/b><\/p><p>All content on this site including, but not limited to, graphics, images, texts, videos, animations, sounds, logos, gifs and icons as well as their formatting are the exclusive property of WEBAUDIT FRANCE SARL with the exception of trademarks, logos or content belonging to other partner companies or authors.<br \/>Any reproduction, distribution, modification, adaptation, retransmission, or publication, even partial, of these elements is strictly prohibited without the express written consent of WEBAUDIT FRANCE SARL. Such representation or reproduction, by any means whatsoever, constitutes copyright infringement punishable under Articles L.335-2 et seq. of the French Intellectual Property Code. Failure to comply with this prohibition constitutes copyright infringement and may result in civil and criminal penalties. Furthermore, the owners of the copied content may take legal action against them.<\/p>\t\t\t\t\t\t\t\t<\/div>\n\t\t\t\t<\/div>\n\t\t\t\t\t<\/div>\n\t\t<\/div>\n\t\t\t\t\t<\/div>\n\t\t<\/section>\n\t\t\t\t<\/div>","protected":false},"excerpt":{"rendered":"<p>Mentions l\u00e9gales Le site aerocabservices.net est \u00e9dit\u00e9 par : WebAudit France6 avenue Jean Jaur\u00e8s, 73000 Chamb\u00e9rySARL au capital de 600\u20acRCS Chamb\u00e9ry 823 628 698contact(@)webaudit.fr Le site aerocabservices.net est \u00e9dit\u00e9 pour : Raison sociale\u202f: A\u00e9ro Cab ServicesNom commercial\u202f: A\u00e9ro Cab Services (Transferts A\u00e9roports \u00e0 Paris en Van jusqu\u2019\u00e0 8 passagers)Adresse\u202f: 93 RUE DE GARCHES 92000 NANTERRESIRET\u202f: [&hellip;]<\/p>\n","protected":false},"author":1,"featured_media":0,"parent":0,"menu_order":0,"comment_status":"closed","ping_status":"closed","template":"elementor_header_footer","meta":{"footnotes":""},"class_list":["post-29566","page","type-page","status-publish","hentry"],"yoast_head":"<!-- This site is optimized with the Yoast SEO plugin v27.5 - https:\/\/yoast.com\/product\/yoast-seo-wordpress\/ -->\n<title>Mentions L\u00e9gales - A\u00e9ro Cab Services (Transferts A\u00e9roports \u00e0 Paris en Van jusqu\u2019\u00e0 8 passagers)<\/title>\n<meta name=\"robots\" content=\"index, follow, max-snippet:-1, max-image-preview:large, max-video-preview:-1\" \/>\n<link rel=\"canonical\" href=\"https:\/\/aerocabservices.net\/en\/legal-notices\/\" \/>\n<meta property=\"og:locale\" content=\"en_US\" \/>\n<meta property=\"og:type\" content=\"article\" \/>\n<meta property=\"og:title\" content=\"Mentions L\u00e9gales - A\u00e9ro Cab Services (Transferts A\u00e9roports \u00e0 Paris en Van jusqu\u2019\u00e0 8 passagers)\" \/>\n<meta property=\"og:description\" content=\"Mentions l\u00e9gales Le site aerocabservices.net est \u00e9dit\u00e9 par : WebAudit France6 avenue Jean Jaur\u00e8s, 73000 Chamb\u00e9rySARL au capital de 600\u20acRCS Chamb\u00e9ry 823 628 698contact(@)webaudit.fr Le site aerocabservices.net est \u00e9dit\u00e9 pour : Raison sociale\u202f: A\u00e9ro Cab ServicesNom commercial\u202f: A\u00e9ro Cab Services (Transferts A\u00e9roports \u00e0 Paris en Van jusqu\u2019\u00e0 8 passagers)Adresse\u202f: 93 RUE DE GARCHES 92000 NANTERRESIRET\u202f: [&hellip;]\" \/>\n<meta property=\"og:url\" content=\"https:\/\/aerocabservices.net\/en\/legal-notices\/\" \/>\n<meta property=\"og:site_name\" content=\"A\u00e9ro Cab Services (Transferts A\u00e9roports \u00e0 Paris en Van jusqu\u2019\u00e0 8 passagers)\" \/>\n<meta property=\"article:modified_time\" content=\"2026-01-28T14:33:13+00:00\" \/>\n<meta name=\"twitter:card\" content=\"summary_large_image\" \/>\n<meta name=\"twitter:label1\" content=\"Est. reading time\" \/>\n\t<meta name=\"twitter:data1\" content=\"3 minutes\" \/>\n<script type=\"application\/ld+json\" class=\"yoast-schema-graph\">{\"@context\":\"https:\\\/\\\/schema.org\",\"@graph\":[{\"@type\":\"WebPage\",\"@id\":\"https:\\\/\\\/aerocabservices.net\\\/mentionslegales\\\/\",\"url\":\"https:\\\/\\\/aerocabservices.net\\\/mentionslegales\\\/\",\"name\":\"Mentions L\u00e9gales - A\u00e9ro Cab Services (Transferts A\u00e9roports \u00e0 Paris en Van jusqu\u2019\u00e0 8 passagers)\",\"isPartOf\":{\"@id\":\"https:\\\/\\\/aerocabservices.net\\\/#website\"},\"datePublished\":\"2025-12-11T13:54:01+00:00\",\"dateModified\":\"2026-01-28T14:33:13+00:00\",\"breadcrumb\":{\"@id\":\"https:\\\/\\\/aerocabservices.net\\\/mentionslegales\\\/#breadcrumb\"},\"inLanguage\":\"en-US\",\"potentialAction\":[{\"@type\":\"ReadAction\",\"target\":[\"https:\\\/\\\/aerocabservices.net\\\/mentionslegales\\\/\"]}]},{\"@type\":\"BreadcrumbList\",\"@id\":\"https:\\\/\\\/aerocabservices.net\\\/mentionslegales\\\/#breadcrumb\",\"itemListElement\":[{\"@type\":\"ListItem\",\"position\":1,\"name\":\"Accueil\",\"item\":\"https:\\\/\\\/aerocabservices.net\\\/\"},{\"@type\":\"ListItem\",\"position\":2,\"name\":\"Mentions L\u00e9gales\"}]},{\"@type\":\"WebSite\",\"@id\":\"https:\\\/\\\/aerocabservices.net\\\/#website\",\"url\":\"https:\\\/\\\/aerocabservices.net\\\/\",\"name\":\"A\u00e9ro Cab Services (Navette A\u00e9roport \u00e0 Paris en Van jusqu\u2019\u00e0 8 passagers)\",\"description\":\"Navettes toutes distances de 1 \u00e0 8 passagers depuis et vers les a\u00e9roports de Paris et transport d&#039;animaux sur Paris et en Ile-de-France\",\"publisher\":{\"@id\":\"https:\\\/\\\/aerocabservices.net\\\/#organization\"},\"potentialAction\":[{\"@type\":\"SearchAction\",\"target\":{\"@type\":\"EntryPoint\",\"urlTemplate\":\"https:\\\/\\\/aerocabservices.net\\\/?s={search_term_string}\"},\"query-input\":{\"@type\":\"PropertyValueSpecification\",\"valueRequired\":true,\"valueName\":\"search_term_string\"}}],\"inLanguage\":\"en-US\"},{\"@type\":\"Organization\",\"@id\":\"https:\\\/\\\/aerocabservices.net\\\/#organization\",\"name\":\"A\u00e9ro Cab Services (Navette A\u00e9roport \u00e0 Paris en Van jusqu\u2019\u00e0 8 passagers)\",\"url\":\"https:\\\/\\\/aerocabservices.net\\\/\",\"logo\":{\"@type\":\"ImageObject\",\"inLanguage\":\"en-US\",\"@id\":\"https:\\\/\\\/aerocabservices.net\\\/#\\\/schema\\\/logo\\\/image\\\/\",\"url\":\"https:\\\/\\\/aerocabservices.net\\\/wp-content\\\/uploads\\\/cropped-logo-aero-cab-services-paris.webp\",\"contentUrl\":\"https:\\\/\\\/aerocabservices.net\\\/wp-content\\\/uploads\\\/cropped-logo-aero-cab-services-paris.webp\",\"width\":314,\"height\":53,\"caption\":\"A\u00e9ro Cab Services (Navette A\u00e9roport \u00e0 Paris en Van jusqu\u2019\u00e0 8 passagers)\"},\"image\":{\"@id\":\"https:\\\/\\\/aerocabservices.net\\\/#\\\/schema\\\/logo\\\/image\\\/\"}}]}<\/script>\n<!-- \/ Yoast SEO plugin. -->","yoast_head_json":{"title":"Legal Notice - A\u00e9ro Cab Services (Airport Transfers in Paris by Van for up to 8 passengers)","robots":{"index":"index","follow":"follow","max-snippet":"max-snippet:-1","max-image-preview":"max-image-preview:large","max-video-preview":"max-video-preview:-1"},"canonical":"https:\/\/aerocabservices.net\/en\/legal-notices\/","og_locale":"en_US","og_type":"article","og_title":"Mentions L\u00e9gales - A\u00e9ro Cab Services (Transferts A\u00e9roports \u00e0 Paris en Van jusqu\u2019\u00e0 8 passagers)","og_description":"Mentions l\u00e9gales Le site aerocabservices.net est \u00e9dit\u00e9 par : WebAudit France6 avenue Jean Jaur\u00e8s, 73000 Chamb\u00e9rySARL au capital de 600\u20acRCS Chamb\u00e9ry 823 628 698contact(@)webaudit.fr Le site aerocabservices.net est \u00e9dit\u00e9 pour : Raison sociale\u202f: A\u00e9ro Cab ServicesNom commercial\u202f: A\u00e9ro Cab Services (Transferts A\u00e9roports \u00e0 Paris en Van jusqu\u2019\u00e0 8 passagers)Adresse\u202f: 93 RUE DE GARCHES 92000 NANTERRESIRET\u202f: [&hellip;]","og_url":"https:\/\/aerocabservices.net\/en\/legal-notices\/","og_site_name":"A\u00e9ro Cab Services (Transferts A\u00e9roports \u00e0 Paris en Van jusqu\u2019\u00e0 8 passagers)","article_modified_time":"2026-01-28T14:33:13+00:00","twitter_card":"summary_large_image","twitter_misc":{"Est. reading time":"3 minutes"},"schema":{"@context":"https:\/\/schema.org","@graph":[{"@type":"WebPage","@id":"https:\/\/aerocabservices.net\/mentionslegales\/","url":"https:\/\/aerocabservices.net\/mentionslegales\/","name":"Legal Notice - A\u00e9ro Cab Services (Airport Transfers in Paris by Van for up to 8 passengers)","isPartOf":{"@id":"https:\/\/aerocabservices.net\/#website"},"datePublished":"2025-12-11T13:54:01+00:00","dateModified":"2026-01-28T14:33:13+00:00","breadcrumb":{"@id":"https:\/\/aerocabservices.net\/mentionslegales\/#breadcrumb"},"inLanguage":"en-US","potentialAction":[{"@type":"ReadAction","target":["https:\/\/aerocabservices.net\/mentionslegales\/"]}]},{"@type":"BreadcrumbList","@id":"https:\/\/aerocabservices.net\/mentionslegales\/#breadcrumb","itemListElement":[{"@type":"ListItem","position":1,"name":"Accueil","item":"https:\/\/aerocabservices.net\/"},{"@type":"ListItem","position":2,"name":"Mentions L\u00e9gales"}]},{"@type":"WebSite","@id":"https:\/\/aerocabservices.net\/#website","url":"https:\/\/aerocabservices.net\/","name":"A\u00e9ro Cab Services (Airport shuttle in Paris by van for up to 8 passengers)","description":"Shuttle services for all distances, from 1 to 8 passengers, to and from Paris airports, and pet transport in Paris and the Ile-de-France region.","publisher":{"@id":"https:\/\/aerocabservices.net\/#organization"},"potentialAction":[{"@type":"SearchAction","target":{"@type":"EntryPoint","urlTemplate":"https:\/\/aerocabservices.net\/?s={search_term_string}"},"query-input":{"@type":"PropertyValueSpecification","valueRequired":true,"valueName":"search_term_string"}}],"inLanguage":"en-US"},{"@type":"Organization","@id":"https:\/\/aerocabservices.net\/#organization","name":"A\u00e9ro Cab Services (Airport shuttle in Paris by van for up to 8 passengers)","url":"https:\/\/aerocabservices.net\/","logo":{"@type":"ImageObject","inLanguage":"en-US","@id":"https:\/\/aerocabservices.net\/#\/schema\/logo\/image\/","url":"https:\/\/aerocabservices.net\/wp-content\/uploads\/cropped-logo-aero-cab-services-paris.webp","contentUrl":"https:\/\/aerocabservices.net\/wp-content\/uploads\/cropped-logo-aero-cab-services-paris.webp","width":314,"height":53,"caption":"A\u00e9ro Cab Services (Navette A\u00e9roport \u00e0 Paris en Van jusqu\u2019\u00e0 8 passagers)"},"image":{"@id":"https:\/\/aerocabservices.net\/#\/schema\/logo\/image\/"}}]}},"_links":{"self":[{"href":"https:\/\/aerocabservices.net\/en\/wp-json\/wp\/v2\/pages\/29566","targetHints":{"allow":["GET"]}}],"collection":[{"href":"https:\/\/aerocabservices.net\/en\/wp-json\/wp\/v2\/pages"}],"about":[{"href":"https:\/\/aerocabservices.net\/en\/wp-json\/wp\/v2\/types\/page"}],"author":[{"embeddable":true,"href":"https:\/\/aerocabservices.net\/en\/wp-json\/wp\/v2\/users\/1"}],"replies":[{"embeddable":true,"href":"https:\/\/aerocabservices.net\/en\/wp-json\/wp\/v2\/comments?post=29566"}],"version-history":[{"count":10,"href":"https:\/\/aerocabservices.net\/en\/wp-json\/wp\/v2\/pages\/29566\/revisions"}],"predecessor-version":[{"id":30078,"href":"https:\/\/aerocabservices.net\/en\/wp-json\/wp\/v2\/pages\/29566\/revisions\/30078"}],"wp:attachment":[{"href":"https:\/\/aerocabservices.net\/en\/wp-json\/wp\/v2\/media?parent=29566"}],"curies":[{"name":"wp","href":"https:\/\/api.w.org\/{rel}","templated":true}]}}